{"id":4439,"date":"2021-10-12T16:27:24","date_gmt":"2021-10-12T16:27:24","guid":{"rendered":"http:\/\/dummy.xtemos.com\/woodmart2\/elementor\/?page_id=4439"},"modified":"2025-08-07T10:23:00","modified_gmt":"2025-08-07T10:23:00","slug":"contact-us","status":"publish","type":"page","link":"https:\/\/yunhaicnc.com\/es\/contact-us\/","title":{"rendered":"P\u00f3ngase en contacto con nosotros"},"content":{"rendered":"<h4>ENV\u00cdENOS UN CORREO ELECTR\u00d3NICO<\/h4>\n<form action=\"\/es\/wp-admin\/admin-ajax.php\/#wpcf7-f1572-o1\" method=\"post\" novalidate=\"novalidate\" aria-label=\"Formulario de contacto\" data-status=\"init\" data-trp-original-action=\"\/wp-admin\/admin-ajax.php#wpcf7-f1572-o1\"><input name=\"_wpcf7\" type=\"hidden\" value=\"1572\" \/><br \/>\n<input name=\"_wpcf7_version\" type=\"hidden\" value=\"5.9.8\" \/><br \/>\n<input name=\"_wpcf7_locale\" type=\"hidden\" value=\"en_US\" \/><br \/>\n<input name=\"_wpcf7_unit_tag\" type=\"hidden\" value=\"wpcf7-f1572-o1\" \/><br \/>\n<input name=\"_wpcf7_container_post\" type=\"hidden\" value=\"0\" \/><br \/>\n<input name=\"_wpcf7_posted_data_hash\" type=\"hidden\" value=\"\" \/><input type=\"hidden\" name=\"trp-form-language\" value=\"es\"\/><\/form>\n<p><label>Su nombre<\/label><input maxlength=\"400\" name=\"your-name\" size=\"40\" type=\"text\" value=\"\" aria-required=\"true\" aria-invalid=\"false\" \/><\/p>\n<p><label>Su correo electr\u00f3nico<\/label><input maxlength=\"400\" name=\"your-email\" size=\"40\" type=\"email\" value=\"\" aria-required=\"true\" aria-invalid=\"false\" \/><\/p>\n<p><label>N\u00famero de tel\u00e9fono<\/label><input maxlength=\"400\" name=\"tel-767\" size=\"40\" type=\"tel\" value=\"\" aria-invalid=\"false\" \/><\/p>\n<p><label>Empresa<\/label><input maxlength=\"400\" name=\"text-1\" size=\"40\" type=\"text\" value=\"\" aria-invalid=\"false\" \/><\/p>\n<p><label>Su mensaje<\/label><textarea cols=\"40\" maxlength=\"2000\" name=\"your-message\" rows=\"10\" aria-invalid=\"false\"><\/textarea><\/p>\n<p><input type=\"submit\" value=\"HACER UNA PREGUNTA\" \/><\/p>","protected":false},"excerpt":{"rendered":"<p>SEND US AN EMAIL Your Name Your Email Phone Number Company Your Message<\/p>","protected":false},"author":1,"featured_media":0,"parent":0,"menu_order":0,"comment_status":"closed","ping_status":"closed","template":"","meta":{"footnotes":""},"class_list":["post-4439","page","type-page","status-publish","hentry"],"_links":{"self":[{"href":"https:\/\/yunhaicnc.com\/es\/wp-json\/wp\/v2\/pages\/4439"}],"collection":[{"href":"https:\/\/yunhaicnc.com\/es\/wp-json\/wp\/v2\/pages"}],"about":[{"href":"https:\/\/yunhaicnc.com\/es\/wp-json\/wp\/v2\/types\/page"}],"author":[{"embeddable":true,"href":"https:\/\/yunhaicnc.com\/es\/wp-json\/wp\/v2\/users\/1"}],"replies":[{"embeddable":true,"href":"https:\/\/yunhaicnc.com\/es\/wp-json\/wp\/v2\/comments?post=4439"}],"version-history":[{"count":35,"href":"https:\/\/yunhaicnc.com\/es\/wp-json\/wp\/v2\/pages\/4439\/revisions"}],"predecessor-version":[{"id":16415,"href":"https:\/\/yunhaicnc.com\/es\/wp-json\/wp\/v2\/pages\/4439\/revisions\/16415"}],"wp:attachment":[{"href":"https:\/\/yunhaicnc.com\/es\/wp-json\/wp\/v2\/media?parent=4439"}],"curies":[{"name":"wp","href":"https:\/\/api.w.org\/{rel}","templated":true}]}}